{"id":2,"date":"2024-10-02T11:36:35","date_gmt":"2024-10-02T09:36:35","guid":{"rendered":"http:\/\/thejackdrop.fr\/?page_id=2"},"modified":"2025-01-10T15:55:57","modified_gmt":"2025-01-10T14:55:57","slug":"apprendre-thejackguide","status":"publish","type":"page","link":"https:\/\/thejackdrop.fr\/index.php\/apprendre-thejackguide\/","title":{"rendered":"Apprendre : LE RHUM"},"content":{"rendered":"\n<p>Ceci est le point d&rsquo;entr\u00e9e de mes petits guides, pour d\u00e9couvrir et mieux comprendre : le rhum.<\/p>\n\n\n\n<p>Bas\u00e9 sur mes connaissances, des lectures approfondies, ou le partage d&rsquo;experts, je vous propose de d\u00e9couvrir ce beau spiritueux petit \u00e0 petit.<\/p>\n\n\n\n<ul class=\"wp-block-list\">\n<li><a href=\"https:\/\/thejackdrop.fr\/index.php\/page-d-exemple\/introduction\/\" data-type=\"page\" data-id=\"77\">Guide 1 : Introduction, le rhum : un spiritueux et une eau-de-vie de canne \u00e0 sucre <\/a><\/li>\n\n\n\n<li><a href=\"https:\/\/thejackdrop.fr\/index.php\/matieres-premieres-purs-jus-agricoles\/\" data-type=\"link\" data-id=\"https:\/\/thejackdrop.fr\/index.php\/matieres-premieres-purs-jus-agricoles\/\">Guide 2 : Mati\u00e8res premi\u00e8res : purs jus &amp; agricoles<\/a><\/li>\n\n\n\n<li><a href=\"https:\/\/thejackdrop.fr\/index.php\/matieres-premieres-melasse-sirop\/\" data-type=\"link\" data-id=\"https:\/\/thejackdrop.fr\/index.php\/matieres-premieres-melasse-sirop\/\">Guide 3 : Mati\u00e8res premi\u00e8res : m\u00e9lasse &amp; sirop<\/a><\/li>\n\n\n\n<li><a href=\"https:\/\/thejackdrop.fr\/index.php\/les-couleurs-dans-le-rhum\/\">Guide 4 : Les couleurs du rhum<\/a><\/li>\n\n\n\n<li><a href=\"https:\/\/thejackdrop.fr\/index.php\/le-rhum-cest-sucre\/\">Guide 5 : Le rhum c&rsquo;est sucr\u00e9 ?!<\/a><\/li>\n<\/ul>\n\n\n\n<p>Et bien plus \u00e0 venir !<\/p>\n","protected":false},"excerpt":{"rendered":"<p>Ceci est le point d&rsquo;entr\u00e9e de mes petits guides, pour d\u00e9couvrir et mieux comprendre : le rhum. Bas\u00e9 sur mes connaissances, des lectures approfondies, ou le partage d&rsquo;experts, je vous propose de d\u00e9couvrir ce beau spiritueux petit \u00e0 petit. Et bien plus \u00e0 venir !<\/p>\n","protected":false},"author":1,"featured_media":0,"parent":0,"menu_order":0,"comment_status":"closed","ping_status":"closed","template":"","meta":{"om_disable_all_campaigns":false,"_monsterinsights_skip_tracking":false,"_monsterinsights_sitenote_active":false,"_monsterinsights_sitenote_note":"","_monsterinsights_sitenote_category":0,"footnotes":""},"class_list":["post-2","page","type-page","status-publish","hentry"],"aioseo_notices":[],"_links":{"self":[{"href":"https:\/\/thejackdrop.fr\/index.php\/wp-json\/wp\/v2\/pages\/2","targetHints":{"allow":["GET"]}}],"collection":[{"href":"https:\/\/thejackdrop.fr\/index.php\/wp-json\/wp\/v2\/pages"}],"about":[{"href":"https:\/\/thejackdrop.fr\/index.php\/wp-json\/wp\/v2\/types\/page"}],"author":[{"embeddable":true,"href":"https:\/\/thejackdrop.fr\/index.php\/wp-json\/wp\/v2\/users\/1"}],"replies":[{"embeddable":true,"href":"https:\/\/thejackdrop.fr\/index.php\/wp-json\/wp\/v2\/comments?post=2"}],"version-history":[{"count":5,"href":"https:\/\/thejackdrop.fr\/index.php\/wp-json\/wp\/v2\/pages\/2\/revisions"}],"predecessor-version":[{"id":1282,"href":"https:\/\/thejackdrop.fr\/index.php\/wp-json\/wp\/v2\/pages\/2\/revisions\/1282"}],"wp:attachment":[{"href":"https:\/\/thejackdrop.fr\/index.php\/wp-json\/wp\/v2\/media?parent=2"}],"curies":[{"name":"wp","href":"https:\/\/api.w.org\/{rel}","templated":true}]}}