{"id":186,"date":"2024-10-03T11:56:35","date_gmt":"2024-10-03T09:56:35","guid":{"rendered":"https:\/\/thejackdrop.fr\/?page_id=186"},"modified":"2024-10-03T11:57:01","modified_gmt":"2024-10-03T09:57:01","slug":"le-rhum-cest-sucre","status":"publish","type":"page","link":"https:\/\/thejackdrop.fr\/index.php\/apprendre-thejackguide\/le-rhum-cest-sucre\/","title":{"rendered":"Le rhum, c&rsquo;est sucr\u00e9 ?!"},"content":{"rendered":"\n<p>Fiches r\u00e9utilisables, extraites de mes premiers guides (publi\u00e9es sur Instagram &amp; Facebook d\u00e9but 2024).<\/p>\n\n\n\n<figure class=\"wp-block-gallery has-nested-images columns-default is-cropped wp-block-gallery-1 is-layout-flex wp-block-gallery-is-layout-flex\">\n<figure class=\"wp-block-image size-large\"><img loading=\"lazy\" decoding=\"async\" width=\"1024\" height=\"1024\" data-id=\"197\" src=\"https:\/\/thejackdrop.fr\/wp-content\/uploads\/2024\/10\/Diapositive1-7-1024x1024.jpeg\" alt=\"\" class=\"wp-image-197\" srcset=\"https:\/\/thejackdrop.fr\/wp-content\/uploads\/2024\/10\/Diapositive1-7-1024x1024.jpeg 1024w, https:\/\/thejackdrop.fr\/wp-content\/uploads\/2024\/10\/Diapositive1-7-300x300.jpeg 300w, https:\/\/thejackdrop.fr\/wp-content\/uploads\/2024\/10\/Diapositive1-7-150x150.jpeg 150w, https:\/\/thejackdrop.fr\/wp-content\/uploads\/2024\/10\/Diapositive1-7-768x768.jpeg 768w, https:\/\/thejackdrop.fr\/wp-content\/uploads\/2024\/10\/Diapositive1-7-1536x1536.jpeg 1536w, https:\/\/thejackdrop.fr\/wp-content\/uploads\/2024\/10\/Diapositive1-7-2048x2048.jpeg 2048w\" sizes=\"auto, (max-width: 1024px) 100vw, 1024px\" \/><\/figure>\n\n\n\n<figure class=\"wp-block-image size-large\"><img loading=\"lazy\" decoding=\"async\" width=\"1024\" height=\"1024\" data-id=\"187\" src=\"https:\/\/thejackdrop.fr\/wp-content\/uploads\/2024\/10\/Diapositive2-9-1024x1024.jpeg\" alt=\"\" class=\"wp-image-187\" srcset=\"https:\/\/thejackdrop.fr\/wp-content\/uploads\/2024\/10\/Diapositive2-9-1024x1024.jpeg 1024w, https:\/\/thejackdrop.fr\/wp-content\/uploads\/2024\/10\/Diapositive2-9-300x300.jpeg 300w, https:\/\/thejackdrop.fr\/wp-content\/uploads\/2024\/10\/Diapositive2-9-150x150.jpeg 150w, https:\/\/thejackdrop.fr\/wp-content\/uploads\/2024\/10\/Diapositive2-9-768x768.jpeg 768w, https:\/\/thejackdrop.fr\/wp-content\/uploads\/2024\/10\/Diapositive2-9-1536x1536.jpeg 1536w, https:\/\/thejackdrop.fr\/wp-content\/uploads\/2024\/10\/Diapositive2-9-2048x2048.jpeg 2048w\" sizes=\"auto, (max-width: 1024px) 100vw, 1024px\" \/><\/figure>\n<\/figure>\n\n\n\n<figure class=\"wp-block-gallery has-nested-images columns-default is-cropped wp-block-gallery-2 is-layout-flex wp-block-gallery-is-layout-flex\">\n<figure class=\"wp-block-image size-large\"><img loading=\"lazy\" decoding=\"async\" width=\"1024\" height=\"1024\" data-id=\"190\" src=\"https:\/\/thejackdrop.fr\/wp-content\/uploads\/2024\/10\/Diapositive3-9-1024x1024.jpeg\" alt=\"\" class=\"wp-image-190\" srcset=\"https:\/\/thejackdrop.fr\/wp-content\/uploads\/2024\/10\/Diapositive3-9-1024x1024.jpeg 1024w, https:\/\/thejackdrop.fr\/wp-content\/uploads\/2024\/10\/Diapositive3-9-300x300.jpeg 300w, https:\/\/thejackdrop.fr\/wp-content\/uploads\/2024\/10\/Diapositive3-9-150x150.jpeg 150w, https:\/\/thejackdrop.fr\/wp-content\/uploads\/2024\/10\/Diapositive3-9-768x768.jpeg 768w, https:\/\/thejackdrop.fr\/wp-content\/uploads\/2024\/10\/Diapositive3-9-1536x1536.jpeg 1536w, https:\/\/thejackdrop.fr\/wp-content\/uploads\/2024\/10\/Diapositive3-9-2048x2048.jpeg 2048w\" sizes=\"auto, (max-width: 1024px) 100vw, 1024px\" \/><\/figure>\n\n\n\n<figure class=\"wp-block-image size-large\"><img loading=\"lazy\" decoding=\"async\" width=\"1024\" height=\"1024\" data-id=\"189\" src=\"https:\/\/thejackdrop.fr\/wp-content\/uploads\/2024\/10\/Diapositive4-6-1024x1024.jpeg\" alt=\"\" class=\"wp-image-189\" srcset=\"https:\/\/thejackdrop.fr\/wp-content\/uploads\/2024\/10\/Diapositive4-6-1024x1024.jpeg 1024w, https:\/\/thejackdrop.fr\/wp-content\/uploads\/2024\/10\/Diapositive4-6-300x300.jpeg 300w, https:\/\/thejackdrop.fr\/wp-content\/uploads\/2024\/10\/Diapositive4-6-150x150.jpeg 150w, https:\/\/thejackdrop.fr\/wp-content\/uploads\/2024\/10\/Diapositive4-6-768x768.jpeg 768w, https:\/\/thejackdrop.fr\/wp-content\/uploads\/2024\/10\/Diapositive4-6-1536x1536.jpeg 1536w, https:\/\/thejackdrop.fr\/wp-content\/uploads\/2024\/10\/Diapositive4-6-2048x2048.jpeg 2048w\" sizes=\"auto, (max-width: 1024px) 100vw, 1024px\" \/><\/figure>\n<\/figure>\n\n\n\n<figure class=\"wp-block-gallery has-nested-images columns-default is-cropped wp-block-gallery-3 is-layout-flex wp-block-gallery-is-layout-flex\">\n<figure class=\"wp-block-image size-large\"><img loading=\"lazy\" decoding=\"async\" width=\"1024\" height=\"1024\" data-id=\"198\" src=\"https:\/\/thejackdrop.fr\/wp-content\/uploads\/2024\/10\/Diapositive5-8-1024x1024.jpeg\" alt=\"\" class=\"wp-image-198\" srcset=\"https:\/\/thejackdrop.fr\/wp-content\/uploads\/2024\/10\/Diapositive5-8-1024x1024.jpeg 1024w, https:\/\/thejackdrop.fr\/wp-content\/uploads\/2024\/10\/Diapositive5-8-300x300.jpeg 300w, https:\/\/thejackdrop.fr\/wp-content\/uploads\/2024\/10\/Diapositive5-8-150x150.jpeg 150w, https:\/\/thejackdrop.fr\/wp-content\/uploads\/2024\/10\/Diapositive5-8-768x768.jpeg 768w, https:\/\/thejackdrop.fr\/wp-content\/uploads\/2024\/10\/Diapositive5-8-1536x1536.jpeg 1536w, https:\/\/thejackdrop.fr\/wp-content\/uploads\/2024\/10\/Diapositive5-8-2048x2048.jpeg 2048w\" sizes=\"auto, (max-width: 1024px) 100vw, 1024px\" \/><\/figure>\n\n\n\n<figure class=\"wp-block-image size-large\"><img loading=\"lazy\" decoding=\"async\" width=\"1024\" height=\"1024\" data-id=\"192\" src=\"https:\/\/thejackdrop.fr\/wp-content\/uploads\/2024\/10\/Diapositive6-6-1024x1024.jpeg\" alt=\"\" class=\"wp-image-192\" srcset=\"https:\/\/thejackdrop.fr\/wp-content\/uploads\/2024\/10\/Diapositive6-6-1024x1024.jpeg 1024w, https:\/\/thejackdrop.fr\/wp-content\/uploads\/2024\/10\/Diapositive6-6-300x300.jpeg 300w, https:\/\/thejackdrop.fr\/wp-content\/uploads\/2024\/10\/Diapositive6-6-150x150.jpeg 150w, https:\/\/thejackdrop.fr\/wp-content\/uploads\/2024\/10\/Diapositive6-6-768x768.jpeg 768w, https:\/\/thejackdrop.fr\/wp-content\/uploads\/2024\/10\/Diapositive6-6-1536x1536.jpeg 1536w, https:\/\/thejackdrop.fr\/wp-content\/uploads\/2024\/10\/Diapositive6-6-2048x2048.jpeg 2048w\" sizes=\"auto, (max-width: 1024px) 100vw, 1024px\" \/><\/figure>\n<\/figure>\n\n\n\n<figure class=\"wp-block-gallery has-nested-images columns-default is-cropped wp-block-gallery-4 is-layout-flex wp-block-gallery-is-layout-flex\">\n<figure class=\"wp-block-image size-large\"><img loading=\"lazy\" decoding=\"async\" width=\"1024\" height=\"1024\" data-id=\"193\" src=\"https:\/\/thejackdrop.fr\/wp-content\/uploads\/2024\/10\/Diapositive7-4-1024x1024.jpeg\" alt=\"\" class=\"wp-image-193\" srcset=\"https:\/\/thejackdrop.fr\/wp-content\/uploads\/2024\/10\/Diapositive7-4-1024x1024.jpeg 1024w, https:\/\/thejackdrop.fr\/wp-content\/uploads\/2024\/10\/Diapositive7-4-300x300.jpeg 300w, https:\/\/thejackdrop.fr\/wp-content\/uploads\/2024\/10\/Diapositive7-4-150x150.jpeg 150w, https:\/\/thejackdrop.fr\/wp-content\/uploads\/2024\/10\/Diapositive7-4-768x768.jpeg 768w, https:\/\/thejackdrop.fr\/wp-content\/uploads\/2024\/10\/Diapositive7-4-1536x1536.jpeg 1536w, https:\/\/thejackdrop.fr\/wp-content\/uploads\/2024\/10\/Diapositive7-4-2048x2048.jpeg 2048w\" sizes=\"auto, (max-width: 1024px) 100vw, 1024px\" \/><\/figure>\n\n\n\n<figure class=\"wp-block-image size-large\"><img loading=\"lazy\" decoding=\"async\" width=\"1024\" height=\"1024\" data-id=\"194\" src=\"https:\/\/thejackdrop.fr\/wp-content\/uploads\/2024\/10\/Diapositive8-5-1024x1024.jpeg\" alt=\"\" class=\"wp-image-194\" srcset=\"https:\/\/thejackdrop.fr\/wp-content\/uploads\/2024\/10\/Diapositive8-5-1024x1024.jpeg 1024w, https:\/\/thejackdrop.fr\/wp-content\/uploads\/2024\/10\/Diapositive8-5-300x300.jpeg 300w, https:\/\/thejackdrop.fr\/wp-content\/uploads\/2024\/10\/Diapositive8-5-150x150.jpeg 150w, https:\/\/thejackdrop.fr\/wp-content\/uploads\/2024\/10\/Diapositive8-5-768x768.jpeg 768w, https:\/\/thejackdrop.fr\/wp-content\/uploads\/2024\/10\/Diapositive8-5-1536x1536.jpeg 1536w, https:\/\/thejackdrop.fr\/wp-content\/uploads\/2024\/10\/Diapositive8-5-2048x2048.jpeg 2048w\" sizes=\"auto, (max-width: 1024px) 100vw, 1024px\" \/><\/figure>\n<\/figure>\n\n\n\n<figure class=\"wp-block-gallery has-nested-images columns-default is-cropped wp-block-gallery-5 is-layout-flex wp-block-gallery-is-layout-flex\">\n<figure class=\"wp-block-image size-large\"><img loading=\"lazy\" decoding=\"async\" width=\"1024\" height=\"1024\" data-id=\"195\" src=\"https:\/\/thejackdrop.fr\/wp-content\/uploads\/2024\/10\/Diapositive9-4-1024x1024.jpeg\" alt=\"\" class=\"wp-image-195\" srcset=\"https:\/\/thejackdrop.fr\/wp-content\/uploads\/2024\/10\/Diapositive9-4-1024x1024.jpeg 1024w, https:\/\/thejackdrop.fr\/wp-content\/uploads\/2024\/10\/Diapositive9-4-300x300.jpeg 300w, https:\/\/thejackdrop.fr\/wp-content\/uploads\/2024\/10\/Diapositive9-4-150x150.jpeg 150w, https:\/\/thejackdrop.fr\/wp-content\/uploads\/2024\/10\/Diapositive9-4-768x768.jpeg 768w, https:\/\/thejackdrop.fr\/wp-content\/uploads\/2024\/10\/Diapositive9-4-1536x1536.jpeg 1536w, https:\/\/thejackdrop.fr\/wp-content\/uploads\/2024\/10\/Diapositive9-4-2048x2048.jpeg 2048w\" sizes=\"auto, (max-width: 1024px) 100vw, 1024px\" \/><\/figure>\n\n\n\n<figure class=\"wp-block-image size-large\"><img loading=\"lazy\" decoding=\"async\" width=\"1024\" height=\"1024\" data-id=\"196\" src=\"https:\/\/thejackdrop.fr\/wp-content\/uploads\/2024\/10\/Diapositive10-2-1024x1024.jpeg\" alt=\"\" class=\"wp-image-196\" srcset=\"https:\/\/thejackdrop.fr\/wp-content\/uploads\/2024\/10\/Diapositive10-2-1024x1024.jpeg 1024w, https:\/\/thejackdrop.fr\/wp-content\/uploads\/2024\/10\/Diapositive10-2-300x300.jpeg 300w, https:\/\/thejackdrop.fr\/wp-content\/uploads\/2024\/10\/Diapositive10-2-150x150.jpeg 150w, https:\/\/thejackdrop.fr\/wp-content\/uploads\/2024\/10\/Diapositive10-2-768x768.jpeg 768w, https:\/\/thejackdrop.fr\/wp-content\/uploads\/2024\/10\/Diapositive10-2-1536x1536.jpeg 1536w, https:\/\/thejackdrop.fr\/wp-content\/uploads\/2024\/10\/Diapositive10-2-2048x2048.jpeg 2048w\" sizes=\"auto, (max-width: 1024px) 100vw, 1024px\" \/><\/figure>\n<\/figure>\n","protected":false},"excerpt":{"rendered":"<p>Fiches r\u00e9utilisables, extraites de mes premiers guides (publi\u00e9es sur Instagram &amp; Facebook d\u00e9but 2024).<\/p>\n","protected":false},"author":1,"featured_media":0,"parent":2,"menu_order":5,"comment_status":"closed","ping_status":"closed","template":"","meta":{"om_disable_all_campaigns":false,"_monsterinsights_skip_tracking":false,"_monsterinsights_sitenote_active":false,"_monsterinsights_sitenote_note":"","_monsterinsights_sitenote_category":0,"footnotes":""},"class_list":["post-186","page","type-page","status-publish","hentry"],"aioseo_notices":[],"_links":{"self":[{"href":"https:\/\/thejackdrop.fr\/index.php\/wp-json\/wp\/v2\/pages\/186","targetHints":{"allow":["GET"]}}],"collection":[{"href":"https:\/\/thejackdrop.fr\/index.php\/wp-json\/wp\/v2\/pages"}],"about":[{"href":"https:\/\/thejackdrop.fr\/index.php\/wp-json\/wp\/v2\/types\/page"}],"author":[{"embeddable":true,"href":"https:\/\/thejackdrop.fr\/index.php\/wp-json\/wp\/v2\/users\/1"}],"replies":[{"embeddable":true,"href":"https:\/\/thejackdrop.fr\/index.php\/wp-json\/wp\/v2\/comments?post=186"}],"version-history":[{"count":1,"href":"https:\/\/thejackdrop.fr\/index.php\/wp-json\/wp\/v2\/pages\/186\/revisions"}],"predecessor-version":[{"id":199,"href":"https:\/\/thejackdrop.fr\/index.php\/wp-json\/wp\/v2\/pages\/186\/revisions\/199"}],"up":[{"embeddable":true,"href":"https:\/\/thejackdrop.fr\/index.php\/wp-json\/wp\/v2\/pages\/2"}],"wp:attachment":[{"href":"https:\/\/thejackdrop.fr\/index.php\/wp-json\/wp\/v2\/media?parent=186"}],"curies":[{"name":"wp","href":"https:\/\/api.w.org\/{rel}","templated":true}]}}