{"id":1284,"date":"2025-01-10T15:58:42","date_gmt":"2025-01-10T14:58:42","guid":{"rendered":"https:\/\/thejackdrop.fr\/?page_id=1284"},"modified":"2025-01-13T16:35:44","modified_gmt":"2025-01-13T15:35:44","slug":"apprendre-les-agaves-tequile-mezcal-co","status":"publish","type":"page","link":"https:\/\/thejackdrop.fr\/index.php\/apprendre-les-agaves-tequile-mezcal-co\/","title":{"rendered":"Apprendre : LES AGAVES (Tequila, Mezcal &amp; co)"},"content":{"rendered":"\n<p>Premier article : Introductions aux agaves &#8211; <a href=\"https:\/\/thejackdrop.fr\/index.php\/2024\/12\/10\/introduction-aux-agaves-tequila-mezcal\/\" title=\"Introduction aux Agaves (Tequila, Mezcal)\">lien<\/a><\/p>\n\n\n\n<p>Tr\u00e8s bient\u00f4t plus d&rsquo;infos \u00e0 propos de cette passion d\u00e9vorante pour le Mexique et ses beaux produits !<\/p>\n\n\n\n<hr class=\"wp-block-separator has-alpha-channel-opacity\"\/>\n\n\n\n<p>Sessions &amp; notes de d\u00e9gustations : <\/p>\n\n\n\n<ul class=\"wp-block-list\">\n<li><a href=\"https:\/\/thejackdrop.fr\/index.php\/2025\/01\/13\/tequila-tasting-agaves-1\/\" title=\"\">#1 Tequila<\/a> : Cava de Oro, El Mayor, Don Julio 1932, Amatite\u00f1a, Volcan de mi Tierra, Vecindad&#8230;<\/li>\n<\/ul>\n","protected":false},"excerpt":{"rendered":"<p>Premier article : Introductions aux agaves &#8211; lien Tr\u00e8s bient\u00f4t plus d&rsquo;infos \u00e0 propos de cette passion d\u00e9vorante pour le Mexique et ses beaux produits ! Sessions &amp; notes de d\u00e9gustations :<\/p>\n","protected":false},"author":1,"featured_media":0,"parent":0,"menu_order":0,"comment_status":"closed","ping_status":"closed","template":"","meta":{"om_disable_all_campaigns":false,"_monsterinsights_skip_tracking":false,"_monsterinsights_sitenote_active":false,"_monsterinsights_sitenote_note":"","_monsterinsights_sitenote_category":0,"footnotes":""},"class_list":["post-1284","page","type-page","status-publish","hentry"],"aioseo_notices":[],"_links":{"self":[{"href":"https:\/\/thejackdrop.fr\/index.php\/wp-json\/wp\/v2\/pages\/1284","targetHints":{"allow":["GET"]}}],"collection":[{"href":"https:\/\/thejackdrop.fr\/index.php\/wp-json\/wp\/v2\/pages"}],"about":[{"href":"https:\/\/thejackdrop.fr\/index.php\/wp-json\/wp\/v2\/types\/page"}],"author":[{"embeddable":true,"href":"https:\/\/thejackdrop.fr\/index.php\/wp-json\/wp\/v2\/users\/1"}],"replies":[{"embeddable":true,"href":"https:\/\/thejackdrop.fr\/index.php\/wp-json\/wp\/v2\/comments?post=1284"}],"version-history":[{"count":3,"href":"https:\/\/thejackdrop.fr\/index.php\/wp-json\/wp\/v2\/pages\/1284\/revisions"}],"predecessor-version":[{"id":1346,"href":"https:\/\/thejackdrop.fr\/index.php\/wp-json\/wp\/v2\/pages\/1284\/revisions\/1346"}],"wp:attachment":[{"href":"https:\/\/thejackdrop.fr\/index.php\/wp-json\/wp\/v2\/media?parent=1284"}],"curies":[{"name":"wp","href":"https:\/\/api.w.org\/{rel}","templated":true}]}}