{"id":1280,"date":"2025-01-10T15:55:21","date_gmt":"2025-01-10T14:55:21","guid":{"rendered":"https:\/\/thejackdrop.fr\/?page_id=1280"},"modified":"2025-01-22T10:00:33","modified_gmt":"2025-01-22T09:00:33","slug":"partenariats","status":"publish","type":"page","link":"https:\/\/thejackdrop.fr\/index.php\/partenariats\/","title":{"rendered":"Partenariats"},"content":{"rendered":"\n<h4 class=\"wp-block-heading\"><strong>Faites confiance \u00e0 Klac<\/strong>.<strong> Faites-vous plaisir, profitez de r\u00e9ductions, <\/strong><br><strong>et soutenez moi dans l&rsquo;aventure ! <\/strong><\/h4>\n\n\n\n<p><strong>En commandant sur <a href=\"https:\/\/klac.fr\/?klac_creator_partner=2\" title=\"\">Klac<\/a> via ce lien<\/strong>, vous pourrez <strong>utiliser le code de r\u00e9duction \u00ab\u00a0THEJACKDROP\u00a0\u00bb<\/strong> pour obtenir 5% de r\u00e9duction sur ce panier, mais \u00e9galement Klac s&rsquo;engage \u00e0 me reverser <strong>5 % du montant de la commande<\/strong>\u00a0sous forme de bon d&rsquo;achat. Une fa\u00e7on simple de faire des \u00e9conomies tout en soutenant mon aventure dans la d\u00e9couverte des spiritueux, et ce blog.<\/p>\n\n\n\n<figure class=\"wp-block-image size-large\"><img decoding=\"async\" src=\"https:\/\/thejackdrop.fr\/wp-content\/uploads\/2025\/01\/Screenshot-2025-01-22-at-09.33.46-1024x813.png\" alt=\"\" class=\"wp-image-1349\"\/><\/figure>\n\n\n\n<h4 class=\"wp-block-heading\">Pourquoi choisir Klac ? <\/h4>\n\n\n\n<p>Mes partenariats sont avant tout fruit de rencontre et de feeling avec d&rsquo;autres passionn\u00e9s. C&rsquo;est le cas d&rsquo;Aymeric qui est derri\u00e8re Klac, nous discutons ensemble, et nous faisons mutuellement confiance, pour vous proposer de belles choses, vous conseiller, etc. <\/p>\n\n\n\n<p>Au del\u00e0 de l&rsquo;aspect humain, ce qui fait une diff\u00e9rence chez Klac : <\/p>\n\n\n\n<ul class=\"wp-block-list\">\n<li>Du rhum, mais pas que : whisky, gin, vodka, cognac, armagnac et m\u00eame Baijiu au catalogue !<\/li>\n\n\n\n<li>L&rsquo;int\u00e9gration des avis RumX directement sur la page de chaque article, un must-have.<\/li>\n\n\n\n<li>Le Club Klac, qui vous conf\u00e8re 5% de r\u00e9duction sur le catalogue, acc\u00e8s aux  ventes priv\u00e9es, etc.<\/li>\n\n\n\n<li>Le blog, et une liste de cocktails bien fournis, pour compl\u00e9ter l&rsquo;exp\u00e9rience<\/li>\n\n\n\n<li>Des frais de ports \u00e0 prix-mini : parce qu&rsquo;on en a tous marre de l\u00e2cher 15\u20ac par commande \ud83d\ude09 <\/li>\n<\/ul>\n\n\n\n<figure class=\"wp-block-image size-large\"><img decoding=\"async\" src=\"https:\/\/thejackdrop.fr\/wp-content\/uploads\/2025\/01\/Screenshot-2025-01-22-at-09.34.01-1024x777.png\" alt=\"\" class=\"wp-image-1350\"\/><\/figure>\n\n\n\n<p>Bref, Klac fait partie de mes sites favoris pour commander en ligne. J&rsquo;esp\u00e8re que l&rsquo;exp\u00e9rience vous sera agr\u00e9able, et que vous pourrez vous faire plaisir. Merci \u00e0 toutes et \u00e0 tous, et surtout \u00e0 Aymeric pour cette opportunit\u00e9 !<\/p>\n\n\n\n<hr class=\"wp-block-separator has-alpha-channel-opacity\"\/>\n\n\n\n<figure class=\"wp-block-image size-full\"><img decoding=\"async\" src=\"https:\/\/thejackdrop.fr\/wp-content\/uploads\/2025\/01\/Screenshot-2025-01-22-at-09.55.41.png\" alt=\"\" class=\"wp-image-1351\"\/><\/figure>\n","protected":false},"excerpt":{"rendered":"<p>Faites confiance \u00e0 Klac. Faites-vous plaisir, profitez de r\u00e9ductions, et soutenez moi dans l&rsquo;aventure ! En commandant sur Klac via ce lien, vous pourrez utiliser le code de r\u00e9duction \u00ab\u00a0THEJACKDROP\u00a0\u00bb pour obtenir 5% de r\u00e9duction sur ce panier, mais \u00e9galement Klac s&rsquo;engage \u00e0 me reverser 5 % du montant de&hellip;<\/p>\n","protected":false},"author":1,"featured_media":0,"parent":0,"menu_order":0,"comment_status":"closed","ping_status":"closed","template":"","meta":{"om_disable_all_campaigns":false,"_monsterinsights_skip_tracking":false,"_monsterinsights_sitenote_active":false,"_monsterinsights_sitenote_note":"","_monsterinsights_sitenote_category":0,"footnotes":""},"class_list":["post-1280","page","type-page","status-publish","hentry"],"aioseo_notices":[],"_links":{"self":[{"href":"https:\/\/thejackdrop.fr\/index.php\/wp-json\/wp\/v2\/pages\/1280","targetHints":{"allow":["GET"]}}],"collection":[{"href":"https:\/\/thejackdrop.fr\/index.php\/wp-json\/wp\/v2\/pages"}],"about":[{"href":"https:\/\/thejackdrop.fr\/index.php\/wp-json\/wp\/v2\/types\/page"}],"author":[{"embeddable":true,"href":"https:\/\/thejackdrop.fr\/index.php\/wp-json\/wp\/v2\/users\/1"}],"replies":[{"embeddable":true,"href":"https:\/\/thejackdrop.fr\/index.php\/wp-json\/wp\/v2\/comments?post=1280"}],"version-history":[{"count":4,"href":"https:\/\/thejackdrop.fr\/index.php\/wp-json\/wp\/v2\/pages\/1280\/revisions"}],"predecessor-version":[{"id":1355,"href":"https:\/\/thejackdrop.fr\/index.php\/wp-json\/wp\/v2\/pages\/1280\/revisions\/1355"}],"wp:attachment":[{"href":"https:\/\/thejackdrop.fr\/index.php\/wp-json\/wp\/v2\/media?parent=1280"}],"curies":[{"name":"wp","href":"https:\/\/api.w.org\/{rel}","templated":true}]}}